{"id":330,"date":"2022-05-17T13:50:05","date_gmt":"2022-05-17T11:50:05","guid":{"rendered":"https:\/\/lakajadevintage.com\/?post_type=product&#038;p=330"},"modified":"2023-12-26T11:38:42","modified_gmt":"2023-12-26T10:38:42","slug":"lote-mix-faldas","status":"publish","type":"product","link":"https:\/\/lakajadevintage.com\/?product=lote-mix-faldas","title":{"rendered":"LOTE 20kg FALDA VINTAGE"},"content":{"rendered":"","protected":false},"excerpt":{"rendered":"<p>Lote de 20kg de faldas vintage.<\/p>\n<p>En este lote podr\u00e1s encontrar una variedad de estilos desde los a\u00f1os 80, 90 y 2000.<\/p>\n<p>Nuestro equipo est\u00e1 cualificado y especializado en preparar lotes de la mejor manera posible para evitar manchas y rotos, pero hay que tener en cuenta que trabajamos con ropa vintage \/ segunda mano que son \u00fanicas y especiales y pueden tener alg\u00fan desperfecto, no grave.<\/p>\n<p>Las fotos son un ejemplo del tipo de producto que compone el lote, no son los productos que est\u00e1n a la venta, son ejemplos de lo que podr\u00eda llegar ajust\u00e1ndose a estos est\u00e1ndares.<\/p>\n<p>Importante: 1 kg de este producto equivale a 4 &#8211; 5 piezas, por lo que cada pieza de esta categor\u00eda te saldr\u00eda por aproximadamente 2\u20ac -2,5\u20ac.<\/p>\n<p>_______________________________<\/p>\n<p>Lot of 20kg of vintage skirts.<\/p>\n<p>In this lot you can find a variety of styles from the 80&#8217;s, 90&#8217;s and 2000.<\/p>\n<p>Our team is qualified and specialized in preparing lots in the best possible way to avoid stains and tears, but keep in mind that we work with vintage \/ second hand clothes that are unique and special and may have some damage, not serious.<\/p>\n<p>The photos are an example of the type of product that makes up the lot, they are not the products that are for sale, they are examples of what could arrive adjusting to these standards.<\/p>\n<p>Important: 1 kg of this product is equivalent to 4 &#8211; 5 pieces, so each piece of this category would cost you approximately 2\u20ac -2,5\u20ac.<\/p>\n<p>&nbsp;<\/p>\n","protected":false},"featured_media":640,"template":"","meta":{"om_disable_all_campaigns":false,"_monsterinsights_skip_tracking":false,"_monsterinsights_sitenote_active":false,"_monsterinsights_sitenote_note":"","_monsterinsights_sitenote_category":0},"product_brand":[],"product_cat":[43],"product_tag":[],"class_list":{"0":"post-330","1":"product","2":"type-product","3":"status-publish","4":"has-post-thumbnail","6":"product_cat-women-vintage","8":"first","9":"instock","10":"sold-individually","11":"taxable","12":"shipping-taxable","13":"purchasable","14":"product-type-simple"},"_links":{"self":[{"href":"https:\/\/lakajadevintage.com\/index.php?rest_route=\/wp\/v2\/product\/330","targetHints":{"allow":["GET"]}}],"collection":[{"href":"https:\/\/lakajadevintage.com\/index.php?rest_route=\/wp\/v2\/product"}],"about":[{"href":"https:\/\/lakajadevintage.com\/index.php?rest_route=\/wp\/v2\/types\/product"}],"wp:featuredmedia":[{"embeddable":true,"href":"https:\/\/lakajadevintage.com\/index.php?rest_route=\/wp\/v2\/media\/640"}],"wp:attachment":[{"href":"https:\/\/lakajadevintage.com\/index.php?rest_route=%2Fwp%2Fv2%2Fmedia&parent=330"}],"wp:term":[{"taxonomy":"product_brand","embeddable":true,"href":"https:\/\/lakajadevintage.com\/index.php?rest_route=%2Fwp%2Fv2%2Fproduct_brand&post=330"},{"taxonomy":"product_cat","embeddable":true,"href":"https:\/\/lakajadevintage.com\/index.php?rest_route=%2Fwp%2Fv2%2Fproduct_cat&post=330"},{"taxonomy":"product_tag","embeddable":true,"href":"https:\/\/lakajadevintage.com\/index.php?rest_route=%2Fwp%2Fv2%2Fproduct_tag&post=330"}],"curies":[{"name":"wp","href":"https:\/\/api.w.org\/{rel}","templated":true}]}}